{"id":6631,"date":"2013-07-26T09:15:32","date_gmt":"2013-07-26T09:15:32","guid":{"rendered":"https:\/\/scitekconsultants.co.uk\/projekte\/"},"modified":"2022-08-16T08:41:58","modified_gmt":"2022-08-16T08:41:58","slug":"projekte","status":"publish","type":"page","link":"https:\/\/scitekconsultants.co.uk\/de\/projekte\/","title":{"rendered":"Projekte"},"content":{"rendered":"<h2>Gemeinschaftliche Forschungsprojekte<\/h2>\n<p><span style=\"font-size: medium;\">Neben kundenspezifischen Projekten ist SCITEK derzeit auch an einer Reihe von gemeinschaftlichen, von der EU finanzierten Forschungsprojekten beteiligt.&nbsp; <\/span><\/p>\n<p><span style=\"font-size: medium;\">Der Hauptbeitrag von SCITEK besteht in der Entwicklung, Analyse, Konstruktion und Herstellung von Pr\u00fcfst\u00e4nden, Instrumenten und Regelsystemen zur Unterst\u00fctzung der wesentlichen Projektzielsetzungen in Anwendungsbereichen, wie z. B. Luft- und Raumfahrt und Schifffahrt.<\/span><\/p>\n<p style=\"text-align: center;\"><img loading=\"lazy\" decoding=\"async\" class=\"aligncenter wp-image-621\" src=\"https:\/\/scitekconsultants.co.uk\/wp-content\/uploads\/2013\/07\/Logos. jpg\" alt=\"Logos\" width=\"568\" height=\"272\"><\/p>\n<h3><span style=\"font-size: large;\">Beispiele f\u00fcr Projekte:<\/span><\/h3>\n<ul>\n<li><a title=\"Dream\" href=\"https:\/\/scitekconsultants.co.uk\/projects\/dream\/\"><em><span style=\"font-size: medium;\">DREAM<\/span> <\/em><\/a><\/li>\n<li><a title=\"NEWAC\" href=\"https:\/\/scitekconsultants.co.uk\/projects\/newac\/\"><em><span style=\"font-size: medium;\">NEWAC<\/span> <\/em><\/a><\/li>\n<\/ul>\n","protected":false},"excerpt":{"rendered":"<p>Gemeinschaftliche Forschungsprojekte Neben kundenspezifischen Projekten ist SCITEK derzeit auch an einer Reihe von gemeinschaftlichen, von der EU finanzierten Forschungsprojekten beteiligt.&nbsp; [&hellip;]<\/p>\n","protected":false},"author":6,"featured_media":0,"parent":0,"menu_order":0,"comment_status":"open","ping_status":"open","template":"","meta":{"_acf_changed":false,"inline_featured_image":false,"footnotes":""},"class_list":["post-6631","page","type-page","status-publish","hentry"],"acf":[],"yoast_head":"<!-- This site is optimized with the Yoast SEO plugin v27.4 - https:\/\/yoast.com\/product\/yoast-seo-wordpress\/ -->\n<title>Projekte - SCITEK<\/title>\n<meta name=\"robots\" content=\"index, follow, max-snippet:-1, max-image-preview:large, max-video-preview:-1\" \/>\n<link rel=\"canonical\" href=\"https:\/\/scitekconsultants.co.uk\/de\/projekte\/\" \/>\n<meta property=\"og:locale\" content=\"de_DE\" \/>\n<meta property=\"og:type\" content=\"article\" \/>\n<meta property=\"og:title\" content=\"Projekte - SCITEK\" \/>\n<meta property=\"og:description\" content=\"Gemeinschaftliche Forschungsprojekte Neben kundenspezifischen Projekten ist SCITEK derzeit auch an einer Reihe von gemeinschaftlichen, von der EU finanzierten Forschungsprojekten beteiligt.&nbsp; [&hellip;]\" \/>\n<meta property=\"og:url\" content=\"https:\/\/scitekconsultants.co.uk\/de\/projekte\/\" \/>\n<meta property=\"og:site_name\" content=\"SCITEK\" \/>\n<meta property=\"article:modified_time\" content=\"2022-08-16T08:41:58+00:00\" \/>\n<script type=\"application\/ld+json\" class=\"yoast-schema-graph\">{\"@context\":\"https:\\\/\\\/schema.org\",\"@graph\":[{\"@type\":\"WebPage\",\"@id\":\"https:\\\/\\\/scitekconsultants.co.uk\\\/de\\\/projekte\\\/\",\"url\":\"https:\\\/\\\/scitekconsultants.co.uk\\\/de\\\/projekte\\\/\",\"name\":\"Projekte - SCITEK\",\"isPartOf\":{\"@id\":\"https:\\\/\\\/scitekconsultants.co.uk\\\/de\\\/#website\"},\"datePublished\":\"2013-07-26T09:15:32+00:00\",\"dateModified\":\"2022-08-16T08:41:58+00:00\",\"breadcrumb\":{\"@id\":\"https:\\\/\\\/scitekconsultants.co.uk\\\/de\\\/projekte\\\/#breadcrumb\"},\"inLanguage\":\"de\",\"potentialAction\":[{\"@type\":\"ReadAction\",\"target\":[\"https:\\\/\\\/scitekconsultants.co.uk\\\/de\\\/projekte\\\/\"]}]},{\"@type\":\"BreadcrumbList\",\"@id\":\"https:\\\/\\\/scitekconsultants.co.uk\\\/de\\\/projekte\\\/#breadcrumb\",\"itemListElement\":[{\"@type\":\"ListItem\",\"position\":1,\"name\":\"Home\",\"item\":\"https:\\\/\\\/scitekconsultants.co.uk\\\/de\\\/\"},{\"@type\":\"ListItem\",\"position\":2,\"name\":\"Projekte\"}]},{\"@type\":\"WebSite\",\"@id\":\"https:\\\/\\\/scitekconsultants.co.uk\\\/de\\\/#website\",\"url\":\"https:\\\/\\\/scitekconsultants.co.uk\\\/de\\\/\",\"name\":\"SCITEK\",\"description\":\"Excellence in Engineering\",\"potentialAction\":[{\"@type\":\"SearchAction\",\"target\":{\"@type\":\"EntryPoint\",\"urlTemplate\":\"https:\\\/\\\/scitekconsultants.co.uk\\\/de\\\/?s={search_term_string}\"},\"query-input\":{\"@type\":\"PropertyValueSpecification\",\"valueRequired\":true,\"valueName\":\"search_term_string\"}}],\"inLanguage\":\"de\"}]}<\/script>\n<!-- \/ Yoast SEO plugin. -->","yoast_head_json":{"title":"Projekte - SCITEK","robots":{"index":"index","follow":"follow","max-snippet":"max-snippet:-1","max-image-preview":"max-image-preview:large","max-video-preview":"max-video-preview:-1"},"canonical":"https:\/\/scitekconsultants.co.uk\/de\/projekte\/","og_locale":"de_DE","og_type":"article","og_title":"Projekte - SCITEK","og_description":"Gemeinschaftliche Forschungsprojekte Neben kundenspezifischen Projekten ist SCITEK derzeit auch an einer Reihe von gemeinschaftlichen, von der EU finanzierten Forschungsprojekten beteiligt.&nbsp; [&hellip;]","og_url":"https:\/\/scitekconsultants.co.uk\/de\/projekte\/","og_site_name":"SCITEK","article_modified_time":"2022-08-16T08:41:58+00:00","schema":{"@context":"https:\/\/schema.org","@graph":[{"@type":"WebPage","@id":"https:\/\/scitekconsultants.co.uk\/de\/projekte\/","url":"https:\/\/scitekconsultants.co.uk\/de\/projekte\/","name":"Projekte - SCITEK","isPartOf":{"@id":"https:\/\/scitekconsultants.co.uk\/de\/#website"},"datePublished":"2013-07-26T09:15:32+00:00","dateModified":"2022-08-16T08:41:58+00:00","breadcrumb":{"@id":"https:\/\/scitekconsultants.co.uk\/de\/projekte\/#breadcrumb"},"inLanguage":"de","potentialAction":[{"@type":"ReadAction","target":["https:\/\/scitekconsultants.co.uk\/de\/projekte\/"]}]},{"@type":"BreadcrumbList","@id":"https:\/\/scitekconsultants.co.uk\/de\/projekte\/#breadcrumb","itemListElement":[{"@type":"ListItem","position":1,"name":"Home","item":"https:\/\/scitekconsultants.co.uk\/de\/"},{"@type":"ListItem","position":2,"name":"Projekte"}]},{"@type":"WebSite","@id":"https:\/\/scitekconsultants.co.uk\/de\/#website","url":"https:\/\/scitekconsultants.co.uk\/de\/","name":"SCITEK","description":"Excellence in Engineering","potentialAction":[{"@type":"SearchAction","target":{"@type":"EntryPoint","urlTemplate":"https:\/\/scitekconsultants.co.uk\/de\/?s={search_term_string}"},"query-input":{"@type":"PropertyValueSpecification","valueRequired":true,"valueName":"search_term_string"}}],"inLanguage":"de"}]}},"_links":{"self":[{"href":"https:\/\/scitekconsultants.co.uk\/de\/wp-json\/wp\/v2\/pages\/6631","targetHints":{"allow":["GET"]}}],"collection":[{"href":"https:\/\/scitekconsultants.co.uk\/de\/wp-json\/wp\/v2\/pages"}],"about":[{"href":"https:\/\/scitekconsultants.co.uk\/de\/wp-json\/wp\/v2\/types\/page"}],"author":[{"embeddable":true,"href":"https:\/\/scitekconsultants.co.uk\/de\/wp-json\/wp\/v2\/users\/6"}],"replies":[{"embeddable":true,"href":"https:\/\/scitekconsultants.co.uk\/de\/wp-json\/wp\/v2\/comments?post=6631"}],"version-history":[{"count":1,"href":"https:\/\/scitekconsultants.co.uk\/de\/wp-json\/wp\/v2\/pages\/6631\/revisions"}],"predecessor-version":[{"id":6745,"href":"https:\/\/scitekconsultants.co.uk\/de\/wp-json\/wp\/v2\/pages\/6631\/revisions\/6745"}],"wp:attachment":[{"href":"https:\/\/scitekconsultants.co.uk\/de\/wp-json\/wp\/v2\/media?parent=6631"}],"curies":[{"name":"wp","href":"https:\/\/api.w.org\/{rel}","templated":true}]}}