{"id":6628,"date":"2013-07-26T09:16:35","date_gmt":"2013-07-26T09:16:35","guid":{"rendered":"https:\/\/scitekconsultants.co.uk\/kontakt\/"},"modified":"2022-08-16T08:41:57","modified_gmt":"2022-08-16T08:41:57","slug":"kontakt","status":"publish","type":"page","link":"https:\/\/scitekconsultants.co.uk\/de\/kontakt\/","title":{"rendered":"Kontakt"},"content":{"rendered":"\n<p>Setzen Sie sich jetzt mit uns in Verbindung, wenn Sie Fragen haben oder erfahren m\u00f6chten, wie wir Ihr n\u00e4chstes Projekt unterst\u00fctzen k\u00f6nnen. Bitte rufen Sie die nachstehende Telefonnummer an, senden Sie uns eine E-Mail oder f\u00fcllen Sie das Kontaktformular aus. Wir werden uns dann so schnell wie m\u00f6glich mit Ihnen in Verbindung setzen. <\/p>\n","protected":false},"excerpt":{"rendered":"<p>Setzen Sie sich jetzt mit uns in Verbindung, wenn Sie Fragen haben oder erfahren m\u00f6chten, wie wir Ihr n\u00e4chstes Projekt [&hellip;]<\/p>\n","protected":false},"author":6,"featured_media":0,"parent":0,"menu_order":0,"comment_status":"open","ping_status":"open","template":"page-contact.php","meta":{"_acf_changed":false,"inline_featured_image":false,"footnotes":""},"class_list":["post-6628","page","type-page","status-publish","hentry"],"acf":[],"yoast_head":"<!-- This site is optimized with the Yoast SEO plugin v27.5 - https:\/\/yoast.com\/product\/yoast-seo-wordpress\/ -->\n<title>Kontakt - SCITEK<\/title>\n<meta name=\"description\" content=\"Setzen Sie sich jetzt mit uns in Verbindung, um Informationen \u00fcber unsere Produkte oder Dienstleistungen zu erhalten. Unsere Telefonnummer lautet +44 (0) 1332 365 652.\" \/>\n<meta name=\"robots\" content=\"index, follow, max-snippet:-1, max-image-preview:large, max-video-preview:-1\" \/>\n<link rel=\"canonical\" href=\"https:\/\/scitekconsultants.co.uk\/de\/kontakt\/\" \/>\n<meta property=\"og:locale\" content=\"de_DE\" \/>\n<meta property=\"og:type\" content=\"article\" \/>\n<meta property=\"og:title\" content=\"Kontakt - SCITEK\" \/>\n<meta property=\"og:description\" content=\"Setzen Sie sich jetzt mit uns in Verbindung, um Informationen \u00fcber unsere Produkte oder Dienstleistungen zu erhalten. Unsere Telefonnummer lautet +44 (0) 1332 365 652.\" \/>\n<meta property=\"og:url\" content=\"https:\/\/scitekconsultants.co.uk\/de\/kontakt\/\" \/>\n<meta property=\"og:site_name\" content=\"SCITEK\" \/>\n<meta property=\"article:modified_time\" content=\"2022-08-16T08:41:57+00:00\" \/>\n<script type=\"application\/ld+json\" class=\"yoast-schema-graph\">{\"@context\":\"https:\\\/\\\/schema.org\",\"@graph\":[{\"@type\":\"WebPage\",\"@id\":\"https:\\\/\\\/scitekconsultants.co.uk\\\/de\\\/kontakt\\\/\",\"url\":\"https:\\\/\\\/scitekconsultants.co.uk\\\/de\\\/kontakt\\\/\",\"name\":\"Kontakt - SCITEK\",\"isPartOf\":{\"@id\":\"https:\\\/\\\/scitekconsultants.co.uk\\\/de\\\/#website\"},\"datePublished\":\"2013-07-26T09:16:35+00:00\",\"dateModified\":\"2022-08-16T08:41:57+00:00\",\"description\":\"Setzen Sie sich jetzt mit uns in Verbindung, um Informationen \u00fcber unsere Produkte oder Dienstleistungen zu erhalten. Unsere Telefonnummer lautet +44 (0) 1332 365 652.\",\"breadcrumb\":{\"@id\":\"https:\\\/\\\/scitekconsultants.co.uk\\\/de\\\/kontakt\\\/#breadcrumb\"},\"inLanguage\":\"de\",\"potentialAction\":[{\"@type\":\"ReadAction\",\"target\":[\"https:\\\/\\\/scitekconsultants.co.uk\\\/de\\\/kontakt\\\/\"]}]},{\"@type\":\"BreadcrumbList\",\"@id\":\"https:\\\/\\\/scitekconsultants.co.uk\\\/de\\\/kontakt\\\/#breadcrumb\",\"itemListElement\":[{\"@type\":\"ListItem\",\"position\":1,\"name\":\"Home\",\"item\":\"https:\\\/\\\/scitekconsultants.co.uk\\\/de\\\/\"},{\"@type\":\"ListItem\",\"position\":2,\"name\":\"Kontakt\"}]},{\"@type\":\"WebSite\",\"@id\":\"https:\\\/\\\/scitekconsultants.co.uk\\\/de\\\/#website\",\"url\":\"https:\\\/\\\/scitekconsultants.co.uk\\\/de\\\/\",\"name\":\"SCITEK\",\"description\":\"Excellence in Engineering\",\"potentialAction\":[{\"@type\":\"SearchAction\",\"target\":{\"@type\":\"EntryPoint\",\"urlTemplate\":\"https:\\\/\\\/scitekconsultants.co.uk\\\/de\\\/?s={search_term_string}\"},\"query-input\":{\"@type\":\"PropertyValueSpecification\",\"valueRequired\":true,\"valueName\":\"search_term_string\"}}],\"inLanguage\":\"de\"}]}<\/script>\n<!-- \/ Yoast SEO plugin. -->","yoast_head_json":{"title":"Kontakt - SCITEK","description":"Setzen Sie sich jetzt mit uns in Verbindung, um Informationen \u00fcber unsere Produkte oder Dienstleistungen zu erhalten. Unsere Telefonnummer lautet +44 (0) 1332 365 652.","robots":{"index":"index","follow":"follow","max-snippet":"max-snippet:-1","max-image-preview":"max-image-preview:large","max-video-preview":"max-video-preview:-1"},"canonical":"https:\/\/scitekconsultants.co.uk\/de\/kontakt\/","og_locale":"de_DE","og_type":"article","og_title":"Kontakt - SCITEK","og_description":"Setzen Sie sich jetzt mit uns in Verbindung, um Informationen \u00fcber unsere Produkte oder Dienstleistungen zu erhalten. Unsere Telefonnummer lautet +44 (0) 1332 365 652.","og_url":"https:\/\/scitekconsultants.co.uk\/de\/kontakt\/","og_site_name":"SCITEK","article_modified_time":"2022-08-16T08:41:57+00:00","schema":{"@context":"https:\/\/schema.org","@graph":[{"@type":"WebPage","@id":"https:\/\/scitekconsultants.co.uk\/de\/kontakt\/","url":"https:\/\/scitekconsultants.co.uk\/de\/kontakt\/","name":"Kontakt - SCITEK","isPartOf":{"@id":"https:\/\/scitekconsultants.co.uk\/de\/#website"},"datePublished":"2013-07-26T09:16:35+00:00","dateModified":"2022-08-16T08:41:57+00:00","description":"Setzen Sie sich jetzt mit uns in Verbindung, um Informationen \u00fcber unsere Produkte oder Dienstleistungen zu erhalten. Unsere Telefonnummer lautet +44 (0) 1332 365 652.","breadcrumb":{"@id":"https:\/\/scitekconsultants.co.uk\/de\/kontakt\/#breadcrumb"},"inLanguage":"de","potentialAction":[{"@type":"ReadAction","target":["https:\/\/scitekconsultants.co.uk\/de\/kontakt\/"]}]},{"@type":"BreadcrumbList","@id":"https:\/\/scitekconsultants.co.uk\/de\/kontakt\/#breadcrumb","itemListElement":[{"@type":"ListItem","position":1,"name":"Home","item":"https:\/\/scitekconsultants.co.uk\/de\/"},{"@type":"ListItem","position":2,"name":"Kontakt"}]},{"@type":"WebSite","@id":"https:\/\/scitekconsultants.co.uk\/de\/#website","url":"https:\/\/scitekconsultants.co.uk\/de\/","name":"SCITEK","description":"Excellence in Engineering","potentialAction":[{"@type":"SearchAction","target":{"@type":"EntryPoint","urlTemplate":"https:\/\/scitekconsultants.co.uk\/de\/?s={search_term_string}"},"query-input":{"@type":"PropertyValueSpecification","valueRequired":true,"valueName":"search_term_string"}}],"inLanguage":"de"}]}},"_links":{"self":[{"href":"https:\/\/scitekconsultants.co.uk\/de\/wp-json\/wp\/v2\/pages\/6628","targetHints":{"allow":["GET"]}}],"collection":[{"href":"https:\/\/scitekconsultants.co.uk\/de\/wp-json\/wp\/v2\/pages"}],"about":[{"href":"https:\/\/scitekconsultants.co.uk\/de\/wp-json\/wp\/v2\/types\/page"}],"author":[{"embeddable":true,"href":"https:\/\/scitekconsultants.co.uk\/de\/wp-json\/wp\/v2\/users\/6"}],"replies":[{"embeddable":true,"href":"https:\/\/scitekconsultants.co.uk\/de\/wp-json\/wp\/v2\/comments?post=6628"}],"version-history":[{"count":3,"href":"https:\/\/scitekconsultants.co.uk\/de\/wp-json\/wp\/v2\/pages\/6628\/revisions"}],"predecessor-version":[{"id":6743,"href":"https:\/\/scitekconsultants.co.uk\/de\/wp-json\/wp\/v2\/pages\/6628\/revisions\/6743"}],"wp:attachment":[{"href":"https:\/\/scitekconsultants.co.uk\/de\/wp-json\/wp\/v2\/media?parent=6628"}],"curies":[{"name":"wp","href":"https:\/\/api.w.org\/{rel}","templated":true}]}}