{"id":6624,"date":"2013-07-26T16:00:26","date_gmt":"2013-07-26T16:00:26","guid":{"rendered":"https:\/\/scitekconsultants.co.uk\/karriere\/"},"modified":"2025-09-23T11:46:45","modified_gmt":"2025-09-23T11:46:45","slug":"karriere","status":"publish","type":"page","link":"https:\/\/scitekconsultants.co.uk\/de\/karriere\/","title":{"rendered":"Karriere"},"content":{"rendered":"\r\n<h2 class=\"wp-block-heading\">Werden Sie Teil eines erfahrenen und vielf\u00e4ltigen Teams\u00a0<\/h2>\r\n\r\n\r\n\r\n<figure class=\"wp-block-image size-large\"><a href=\"https:\/\/scitekconsultants.co.uk\/wp-content\/uploads\/2022\/04\/consultants-scaled.jpg\"><img loading=\"lazy\" decoding=\"async\" width=\"2560\" height=\"1440\" class=\"wp-image-6038\" src=\"https:\/\/scitekconsultants.co.uk\/wp-content\/uploads\/2022\/04\/consultants-edited-scaled.jpg\" alt=\"\" srcset=\"https:\/\/scitekconsultants.co.uk\/wp-content\/uploads\/2022\/04\/consultants-edited-scaled.jpg 2560w, https:\/\/scitekconsultants.co.uk\/wp-content\/uploads\/2022\/04\/consultants-edited-300x169.jpg 300w, https:\/\/scitekconsultants.co.uk\/wp-content\/uploads\/2022\/04\/consultants-edited-1024x576.jpg 1024w, https:\/\/scitekconsultants.co.uk\/wp-content\/uploads\/2022\/04\/consultants-edited-768x432.jpg 768w, https:\/\/scitekconsultants.co.uk\/wp-content\/uploads\/2022\/04\/consultants-edited-1536x864.jpg 1536w, https:\/\/scitekconsultants.co.uk\/wp-content\/uploads\/2022\/04\/consultants-edited-2048x1152.jpg 2048w\" sizes=\"auto, (max-width: 2560px) 100vw, 2560px\" \/><\/a><\/figure>\r\n\r\n\r\n\r\n<p><span style=\"font-size: medium;\">SCITEK bietet Ihnen die \u00e4u\u00dferst interessante Gelegenheit, in einem erfahrenen und vielseitigen Team zu arbeiten, das ma\u00dfgeschneiderte technische L\u00f6sungen f\u00fcr Kunden aus unterschiedlichen Branchen bereitstellt. Wir erwarten von Ihnen Lernbereitschaft und \u2013verm\u00f6gen sowie ausgezeichnete Kommunikationsf\u00e4higkeiten (sowohl schriftlich als auch m\u00fcndlich) und dass Sie in der Lage sind, Probleme flexibel und proaktiv zu l\u00f6sen. <\/span><\/p>\r\n\r\n\r\n\r\n<p><span style=\"font-size: medium;\">Als Gegenleistung bieten wir ein hervorragendes Arbeitsumfeld, ein leistungsgerechtes Gehalt und Arbeitgeberleistungen einschlie\u00dflich gesetzliche Rentenversicherung sowie moderne Umgebung und motivierenden Teamgeist.<\/span><\/p>\r\n\r\n\r\n\r\n<p>Derzeit suchen wir Mitarbeiter f\u00fcr folgende Stellen:<\/p>\r\n<ul>\r\n<li><a href=\"https:\/\/scitekconsultants.co.uk\/wp-content\/uploads\/2025\/08\/Junior-Electrical-Design-and-Controls-Engineer-2025-.pdf\">Junior Electrical Design &amp; Controls Engineer<\/a><\/li>\r\n<\/ul>\r\n\r\n\r\n\r\n<p>Wenn Sie an einer Mitarbeit in unserem motivierten und dynamischen Team interessiert sind, senden Sie Ihren Lebenslauf bitte an\u00a0<a href=\"mailto:zoe@scitekconsultants.co.uk\">zoe@scitekconsultants.co.uk<\/a><\/p>\r\n","protected":false},"excerpt":{"rendered":"<p>Werden Sie Teil eines erfahrenen und vielf\u00e4ltigen Teams\u00a0 SCITEK bietet Ihnen die \u00e4u\u00dferst interessante Gelegenheit, in einem erfahrenen und vielseitigen [&hellip;]<\/p>\n","protected":false},"author":6,"featured_media":0,"parent":0,"menu_order":0,"comment_status":"open","ping_status":"open","template":"","meta":{"_acf_changed":false,"inline_featured_image":false,"footnotes":""},"class_list":["post-6624","page","type-page","status-publish","hentry"],"acf":[],"yoast_head":"<!-- This site is optimized with the Yoast SEO plugin v27.5 - https:\/\/yoast.com\/product\/yoast-seo-wordpress\/ -->\n<title>Karriere - SCITEK<\/title>\n<meta name=\"description\" content=\"SCITEK bietet die hochinteressante Gelegenheit, in einem erfahrenen und vielseitigen Team zu arbeiten, das ma\u00dfgeschneiderte technische L\u00f6sungen f\u00fcr Kunden aus unterschiedlichen Branchen bereitstellt.\" \/>\n<meta name=\"robots\" content=\"index, follow, max-snippet:-1, max-image-preview:large, max-video-preview:-1\" \/>\n<link rel=\"canonical\" href=\"https:\/\/scitekconsultants.co.uk\/de\/karriere\/\" \/>\n<meta property=\"og:locale\" content=\"de_DE\" \/>\n<meta property=\"og:type\" content=\"article\" \/>\n<meta property=\"og:title\" content=\"Karriere - SCITEK\" \/>\n<meta property=\"og:description\" content=\"SCITEK bietet die hochinteressante Gelegenheit, in einem erfahrenen und vielseitigen Team zu arbeiten, das ma\u00dfgeschneiderte technische L\u00f6sungen f\u00fcr Kunden aus unterschiedlichen Branchen bereitstellt.\" \/>\n<meta property=\"og:url\" content=\"https:\/\/scitekconsultants.co.uk\/de\/karriere\/\" \/>\n<meta property=\"og:site_name\" content=\"SCITEK\" \/>\n<meta property=\"article:modified_time\" content=\"2025-09-23T11:46:45+00:00\" \/>\n<meta property=\"og:image\" content=\"https:\/\/scitekconsultants.co.uk\/wp-content\/uploads\/2022\/04\/consultants-edited-scaled.jpg\" \/>\n\t<meta property=\"og:image:width\" content=\"2560\" \/>\n\t<meta property=\"og:image:height\" content=\"1440\" \/>\n\t<meta property=\"og:image:type\" content=\"image\/jpeg\" \/>\n<meta name=\"twitter:label1\" content=\"Gesch\u00e4tzte Lesezeit\" \/>\n\t<meta name=\"twitter:data1\" content=\"1\u00a0Minute\" \/>\n<script type=\"application\/ld+json\" class=\"yoast-schema-graph\">{\"@context\":\"https:\\\/\\\/schema.org\",\"@graph\":[{\"@type\":\"WebPage\",\"@id\":\"https:\\\/\\\/scitekconsultants.co.uk\\\/de\\\/karriere\\\/\",\"url\":\"https:\\\/\\\/scitekconsultants.co.uk\\\/de\\\/karriere\\\/\",\"name\":\"Karriere - SCITEK\",\"isPartOf\":{\"@id\":\"https:\\\/\\\/scitekconsultants.co.uk\\\/de\\\/#website\"},\"primaryImageOfPage\":{\"@id\":\"https:\\\/\\\/scitekconsultants.co.uk\\\/de\\\/karriere\\\/#primaryimage\"},\"image\":{\"@id\":\"https:\\\/\\\/scitekconsultants.co.uk\\\/de\\\/karriere\\\/#primaryimage\"},\"thumbnailUrl\":\"https:\\\/\\\/scitekconsultants.co.uk\\\/wp-content\\\/uploads\\\/2022\\\/04\\\/consultants-edited-scaled.jpg\",\"datePublished\":\"2013-07-26T16:00:26+00:00\",\"dateModified\":\"2025-09-23T11:46:45+00:00\",\"description\":\"SCITEK bietet die hochinteressante Gelegenheit, in einem erfahrenen und vielseitigen Team zu arbeiten, das ma\u00dfgeschneiderte technische L\u00f6sungen f\u00fcr Kunden aus unterschiedlichen Branchen bereitstellt.\",\"breadcrumb\":{\"@id\":\"https:\\\/\\\/scitekconsultants.co.uk\\\/de\\\/karriere\\\/#breadcrumb\"},\"inLanguage\":\"de\",\"potentialAction\":[{\"@type\":\"ReadAction\",\"target\":[\"https:\\\/\\\/scitekconsultants.co.uk\\\/de\\\/karriere\\\/\"]}]},{\"@type\":\"ImageObject\",\"inLanguage\":\"de\",\"@id\":\"https:\\\/\\\/scitekconsultants.co.uk\\\/de\\\/karriere\\\/#primaryimage\",\"url\":\"https:\\\/\\\/scitekconsultants.co.uk\\\/wp-content\\\/uploads\\\/2022\\\/04\\\/consultants-edited-scaled.jpg\",\"contentUrl\":\"https:\\\/\\\/scitekconsultants.co.uk\\\/wp-content\\\/uploads\\\/2022\\\/04\\\/consultants-edited-scaled.jpg\"},{\"@type\":\"BreadcrumbList\",\"@id\":\"https:\\\/\\\/scitekconsultants.co.uk\\\/de\\\/karriere\\\/#breadcrumb\",\"itemListElement\":[{\"@type\":\"ListItem\",\"position\":1,\"name\":\"Home\",\"item\":\"https:\\\/\\\/scitekconsultants.co.uk\\\/de\\\/\"},{\"@type\":\"ListItem\",\"position\":2,\"name\":\"Karriere\"}]},{\"@type\":\"WebSite\",\"@id\":\"https:\\\/\\\/scitekconsultants.co.uk\\\/de\\\/#website\",\"url\":\"https:\\\/\\\/scitekconsultants.co.uk\\\/de\\\/\",\"name\":\"SCITEK\",\"description\":\"Excellence in Engineering\",\"potentialAction\":[{\"@type\":\"SearchAction\",\"target\":{\"@type\":\"EntryPoint\",\"urlTemplate\":\"https:\\\/\\\/scitekconsultants.co.uk\\\/de\\\/?s={search_term_string}\"},\"query-input\":{\"@type\":\"PropertyValueSpecification\",\"valueRequired\":true,\"valueName\":\"search_term_string\"}}],\"inLanguage\":\"de\"}]}<\/script>\n<!-- \/ Yoast SEO plugin. -->","yoast_head_json":{"title":"Karriere - SCITEK","description":"SCITEK bietet die hochinteressante Gelegenheit, in einem erfahrenen und vielseitigen Team zu arbeiten, das ma\u00dfgeschneiderte technische L\u00f6sungen f\u00fcr Kunden aus unterschiedlichen Branchen bereitstellt.","robots":{"index":"index","follow":"follow","max-snippet":"max-snippet:-1","max-image-preview":"max-image-preview:large","max-video-preview":"max-video-preview:-1"},"canonical":"https:\/\/scitekconsultants.co.uk\/de\/karriere\/","og_locale":"de_DE","og_type":"article","og_title":"Karriere - SCITEK","og_description":"SCITEK bietet die hochinteressante Gelegenheit, in einem erfahrenen und vielseitigen Team zu arbeiten, das ma\u00dfgeschneiderte technische L\u00f6sungen f\u00fcr Kunden aus unterschiedlichen Branchen bereitstellt.","og_url":"https:\/\/scitekconsultants.co.uk\/de\/karriere\/","og_site_name":"SCITEK","article_modified_time":"2025-09-23T11:46:45+00:00","og_image":[{"width":2560,"height":1440,"url":"https:\/\/scitekconsultants.co.uk\/wp-content\/uploads\/2022\/04\/consultants-edited-scaled.jpg","type":"image\/jpeg"}],"twitter_misc":{"Gesch\u00e4tzte Lesezeit":"1\u00a0Minute"},"schema":{"@context":"https:\/\/schema.org","@graph":[{"@type":"WebPage","@id":"https:\/\/scitekconsultants.co.uk\/de\/karriere\/","url":"https:\/\/scitekconsultants.co.uk\/de\/karriere\/","name":"Karriere - SCITEK","isPartOf":{"@id":"https:\/\/scitekconsultants.co.uk\/de\/#website"},"primaryImageOfPage":{"@id":"https:\/\/scitekconsultants.co.uk\/de\/karriere\/#primaryimage"},"image":{"@id":"https:\/\/scitekconsultants.co.uk\/de\/karriere\/#primaryimage"},"thumbnailUrl":"https:\/\/scitekconsultants.co.uk\/wp-content\/uploads\/2022\/04\/consultants-edited-scaled.jpg","datePublished":"2013-07-26T16:00:26+00:00","dateModified":"2025-09-23T11:46:45+00:00","description":"SCITEK bietet die hochinteressante Gelegenheit, in einem erfahrenen und vielseitigen Team zu arbeiten, das ma\u00dfgeschneiderte technische L\u00f6sungen f\u00fcr Kunden aus unterschiedlichen Branchen bereitstellt.","breadcrumb":{"@id":"https:\/\/scitekconsultants.co.uk\/de\/karriere\/#breadcrumb"},"inLanguage":"de","potentialAction":[{"@type":"ReadAction","target":["https:\/\/scitekconsultants.co.uk\/de\/karriere\/"]}]},{"@type":"ImageObject","inLanguage":"de","@id":"https:\/\/scitekconsultants.co.uk\/de\/karriere\/#primaryimage","url":"https:\/\/scitekconsultants.co.uk\/wp-content\/uploads\/2022\/04\/consultants-edited-scaled.jpg","contentUrl":"https:\/\/scitekconsultants.co.uk\/wp-content\/uploads\/2022\/04\/consultants-edited-scaled.jpg"},{"@type":"BreadcrumbList","@id":"https:\/\/scitekconsultants.co.uk\/de\/karriere\/#breadcrumb","itemListElement":[{"@type":"ListItem","position":1,"name":"Home","item":"https:\/\/scitekconsultants.co.uk\/de\/"},{"@type":"ListItem","position":2,"name":"Karriere"}]},{"@type":"WebSite","@id":"https:\/\/scitekconsultants.co.uk\/de\/#website","url":"https:\/\/scitekconsultants.co.uk\/de\/","name":"SCITEK","description":"Excellence in Engineering","potentialAction":[{"@type":"SearchAction","target":{"@type":"EntryPoint","urlTemplate":"https:\/\/scitekconsultants.co.uk\/de\/?s={search_term_string}"},"query-input":{"@type":"PropertyValueSpecification","valueRequired":true,"valueName":"search_term_string"}}],"inLanguage":"de"}]}},"_links":{"self":[{"href":"https:\/\/scitekconsultants.co.uk\/de\/wp-json\/wp\/v2\/pages\/6624","targetHints":{"allow":["GET"]}}],"collection":[{"href":"https:\/\/scitekconsultants.co.uk\/de\/wp-json\/wp\/v2\/pages"}],"about":[{"href":"https:\/\/scitekconsultants.co.uk\/de\/wp-json\/wp\/v2\/types\/page"}],"author":[{"embeddable":true,"href":"https:\/\/scitekconsultants.co.uk\/de\/wp-json\/wp\/v2\/users\/6"}],"replies":[{"embeddable":true,"href":"https:\/\/scitekconsultants.co.uk\/de\/wp-json\/wp\/v2\/comments?post=6624"}],"version-history":[{"count":7,"href":"https:\/\/scitekconsultants.co.uk\/de\/wp-json\/wp\/v2\/pages\/6624\/revisions"}],"predecessor-version":[{"id":7568,"href":"https:\/\/scitekconsultants.co.uk\/de\/wp-json\/wp\/v2\/pages\/6624\/revisions\/7568"}],"wp:attachment":[{"href":"https:\/\/scitekconsultants.co.uk\/de\/wp-json\/wp\/v2\/media?parent=6624"}],"curies":[{"name":"wp","href":"https:\/\/api.w.org\/{rel}","templated":true}]}}