{"id":6622,"date":"2013-07-26T16:01:01","date_gmt":"2013-07-26T16:01:01","guid":{"rendered":"https:\/\/scitekconsultants.co.uk\/nutzungsbedingungen\/"},"modified":"2022-08-16T08:41:56","modified_gmt":"2022-08-16T08:41:56","slug":"nutzungsbedingungen","status":"publish","type":"page","link":"https:\/\/scitekconsultants.co.uk\/de\/nutzungsbedingungen\/","title":{"rendered":"Nutzungsbedingungen"},"content":{"rendered":"\n<h2 class=\"wp-block-heading\"><strong>Nutzungsbedingungen der Website<\/strong><\/h2>\n\n<p>Willkommen auf unserer Website. Durch die weitere Nutzung dieser Website erkl\u00e4ren Sie sich mit den folgenden Nutzungsbedingungen einverstanden, die in Verbindung mit unserer Datenschutzerkl\u00e4rung die Beziehung zwischen SCITEK Consultants Ltd. und Ihnen in Bezug auf diese Website regeln. Bitte nutzen Sie unsere Website nicht, wenn Sie mit diesen Bedingungen nicht einverstanden sind.<\/p>\n\n<p>Die Begriffe \u201eSCITEK Consultants Ltd.\u201c, \u201euns\u201c oder \u201ewir\u201c beziehen sich auf den Eigent\u00fcmer der Website mit Sitz in 10 Stadium Business Court, Millennium Way, Pride Park, Derby, England, DE24 8HP, Gro\u00dfbritannien. Herkunftsland: England und Wales. Unsere Firmenregistrierungsnummer lautet 03457565. Der Begriff \u201eSie\u201c bezieht sich auf den Nutzer oder Betrachter unserer Website.\u00a0<\/p>\n\n<h4 class=\"wp-block-heading\">Die Nutzung dieser Website unterliegt den folgenden Nutzungsbedingungen:<\/h4>\n\n<ul class=\"wp-block-list\"><li>Der Inhalt der Seiten dieser Website dient nur Ihrer allgemeinen Information und Nutzung. Er kann ohne vorherige Ank\u00fcndigung ge\u00e4ndert werden.<\/li><li>Diese Website verwendet Cookies, um die Besuche auf der Website zu \u00fcberwachen. Unsere\u00a0<a href=\"https:\/\/scitekconsultants.co.uk\/de\/datenschutzrichtlinie\/\">Datenschutzerkl\u00e4rung<\/a>\u00a0enth\u00e4lt weitere Informationen zu Cookies.<\/li><li>Weder wir noch Dritte \u00fcbernehmen eine Gew\u00e4hrleistung oder Garantie hinsichtlich Genauigkeit, Aktualit\u00e4t, Leistung und Vollst\u00e4ndigkeit der auf dieser Website gefundenen oder angebotenen Informationen und Materialien oder ihrer Eignung f\u00fcr einen bestimmten Zweck. Sie erkennen an, dass diese Informationen und Materialien Ungenauigkeiten oder Fehler enthalten k\u00f6nnen. Wir schlie\u00dfen die Haftung f\u00fcr derartige Ungenauigkeiten oder Fehler im gesetzlich zul\u00e4ssigen Umfang ausdr\u00fccklich aus.<\/li><li>Ihre Nutzung von Informationen oder Materialien auf dieser Website erfolgt ausschlie\u00dflich auf Ihr eigenes Risiko, f\u00fcr das wir nicht haftbar sind. Es liegt in Ihrer eigenen Verantwortung, sicherzustellen, dass alle \u00fcber diese Website verf\u00fcgbaren Produkte, Dienstleistungen oder Informationen Ihren spezifischen Anforderungen entsprechen.<\/li><li>Diese Website enth\u00e4lt Material, das unser Eigentum ist oder f\u00fcr uns lizenziert ist. Dieses Material beinhaltet, ist aber nicht beschr\u00e4nkt auf das Design, Layout, Aussehen, Erscheinungsbild und Grafiken. Die Vervielf\u00e4ltigung dieser Inhalte ist nur gem\u00e4\u00df dem Copyright-Vermerk gestattet, der Bestandteil dieser Nutzungsbedingungen ist.<\/li><li>Alle auf dieser Website wiedergegebenen Warenzeichen, die nicht Eigentum des Betreibers sind oder an ihn lizenziert sind, werden auf der Website anerkannt.<\/li><li>Eine unbefugte Nutzung dieser Website kann zu Schadensersatzanspr\u00fcchen f\u00fchren und\/oder strafbar sein.<\/li><li>Von Zeit zu Zeit kann diese Website auch Hyperlinks zu anderen Websites beinhalten. Diese Links werden Ihnen zur Bereitstellung weiterer Informationen zur Verf\u00fcgung gestellt. Bitte beachten Sie, dass diese Websites nicht unter unserer Kontrolle sind. Ihr Vorhandensein bedeutet nicht, dass wir die Website(s) unterst\u00fctzen. Wir sind f\u00fcr Inhalte verlinkter Website(s) weder verantwortlich noch haftbar.<\/li><li>Diese Nutzungsbedingungen unterliegen ebenso wie unsere Datenschutzrichtlinie englischem Recht. Sie stimmen zu, sich bei allen Angelegenheiten oder Streitigkeiten, die sich aus oder im Zusammenhang mit Ihrer Nutzung dieser Website ergeben sollten, der Zust\u00e4ndigkeit der englischen Gerichte zu unterwerfen.<\/li><\/ul>\n","protected":false},"excerpt":{"rendered":"<p>Nutzungsbedingungen der Website Willkommen auf unserer Website. Durch die weitere Nutzung dieser Website erkl\u00e4ren Sie sich mit den folgenden Nutzungsbedingungen [&hellip;]<\/p>\n","protected":false},"author":6,"featured_media":0,"parent":0,"menu_order":0,"comment_status":"open","ping_status":"open","template":"","meta":{"_acf_changed":false,"inline_featured_image":false,"footnotes":""},"class_list":["post-6622","page","type-page","status-publish","hentry"],"acf":[],"yoast_head":"<!-- This site is optimized with the Yoast SEO plugin v27.5 - https:\/\/yoast.com\/product\/yoast-seo-wordpress\/ -->\n<title>Nutzungsbedingungen - SCITEK<\/title>\n<meta name=\"robots\" content=\"index, follow, max-snippet:-1, max-image-preview:large, max-video-preview:-1\" \/>\n<link rel=\"canonical\" href=\"https:\/\/scitekconsultants.co.uk\/de\/nutzungsbedingungen\/\" \/>\n<meta property=\"og:locale\" content=\"de_DE\" \/>\n<meta property=\"og:type\" content=\"article\" \/>\n<meta property=\"og:title\" content=\"Nutzungsbedingungen - SCITEK\" \/>\n<meta property=\"og:description\" content=\"Nutzungsbedingungen der Website Willkommen auf unserer Website. Durch die weitere Nutzung dieser Website erkl\u00e4ren Sie sich mit den folgenden Nutzungsbedingungen [&hellip;]\" \/>\n<meta property=\"og:url\" content=\"https:\/\/scitekconsultants.co.uk\/de\/nutzungsbedingungen\/\" \/>\n<meta property=\"og:site_name\" content=\"SCITEK\" \/>\n<meta property=\"article:modified_time\" content=\"2022-08-16T08:41:56+00:00\" \/>\n<meta name=\"twitter:label1\" content=\"Gesch\u00e4tzte Lesezeit\" \/>\n\t<meta name=\"twitter:data1\" content=\"2\u00a0Minuten\" \/>\n<script type=\"application\/ld+json\" class=\"yoast-schema-graph\">{\"@context\":\"https:\\\/\\\/schema.org\",\"@graph\":[{\"@type\":\"WebPage\",\"@id\":\"https:\\\/\\\/scitekconsultants.co.uk\\\/de\\\/nutzungsbedingungen\\\/\",\"url\":\"https:\\\/\\\/scitekconsultants.co.uk\\\/de\\\/nutzungsbedingungen\\\/\",\"name\":\"Nutzungsbedingungen - SCITEK\",\"isPartOf\":{\"@id\":\"https:\\\/\\\/scitekconsultants.co.uk\\\/de\\\/#website\"},\"datePublished\":\"2013-07-26T16:01:01+00:00\",\"dateModified\":\"2022-08-16T08:41:56+00:00\",\"breadcrumb\":{\"@id\":\"https:\\\/\\\/scitekconsultants.co.uk\\\/de\\\/nutzungsbedingungen\\\/#breadcrumb\"},\"inLanguage\":\"de\",\"potentialAction\":[{\"@type\":\"ReadAction\",\"target\":[\"https:\\\/\\\/scitekconsultants.co.uk\\\/de\\\/nutzungsbedingungen\\\/\"]}]},{\"@type\":\"BreadcrumbList\",\"@id\":\"https:\\\/\\\/scitekconsultants.co.uk\\\/de\\\/nutzungsbedingungen\\\/#breadcrumb\",\"itemListElement\":[{\"@type\":\"ListItem\",\"position\":1,\"name\":\"Home\",\"item\":\"https:\\\/\\\/scitekconsultants.co.uk\\\/de\\\/\"},{\"@type\":\"ListItem\",\"position\":2,\"name\":\"Nutzungsbedingungen\"}]},{\"@type\":\"WebSite\",\"@id\":\"https:\\\/\\\/scitekconsultants.co.uk\\\/de\\\/#website\",\"url\":\"https:\\\/\\\/scitekconsultants.co.uk\\\/de\\\/\",\"name\":\"SCITEK\",\"description\":\"Excellence in Engineering\",\"potentialAction\":[{\"@type\":\"SearchAction\",\"target\":{\"@type\":\"EntryPoint\",\"urlTemplate\":\"https:\\\/\\\/scitekconsultants.co.uk\\\/de\\\/?s={search_term_string}\"},\"query-input\":{\"@type\":\"PropertyValueSpecification\",\"valueRequired\":true,\"valueName\":\"search_term_string\"}}],\"inLanguage\":\"de\"}]}<\/script>\n<!-- \/ Yoast SEO plugin. -->","yoast_head_json":{"title":"Nutzungsbedingungen - SCITEK","robots":{"index":"index","follow":"follow","max-snippet":"max-snippet:-1","max-image-preview":"max-image-preview:large","max-video-preview":"max-video-preview:-1"},"canonical":"https:\/\/scitekconsultants.co.uk\/de\/nutzungsbedingungen\/","og_locale":"de_DE","og_type":"article","og_title":"Nutzungsbedingungen - SCITEK","og_description":"Nutzungsbedingungen der Website Willkommen auf unserer Website. Durch die weitere Nutzung dieser Website erkl\u00e4ren Sie sich mit den folgenden Nutzungsbedingungen [&hellip;]","og_url":"https:\/\/scitekconsultants.co.uk\/de\/nutzungsbedingungen\/","og_site_name":"SCITEK","article_modified_time":"2022-08-16T08:41:56+00:00","twitter_misc":{"Gesch\u00e4tzte Lesezeit":"2\u00a0Minuten"},"schema":{"@context":"https:\/\/schema.org","@graph":[{"@type":"WebPage","@id":"https:\/\/scitekconsultants.co.uk\/de\/nutzungsbedingungen\/","url":"https:\/\/scitekconsultants.co.uk\/de\/nutzungsbedingungen\/","name":"Nutzungsbedingungen - SCITEK","isPartOf":{"@id":"https:\/\/scitekconsultants.co.uk\/de\/#website"},"datePublished":"2013-07-26T16:01:01+00:00","dateModified":"2022-08-16T08:41:56+00:00","breadcrumb":{"@id":"https:\/\/scitekconsultants.co.uk\/de\/nutzungsbedingungen\/#breadcrumb"},"inLanguage":"de","potentialAction":[{"@type":"ReadAction","target":["https:\/\/scitekconsultants.co.uk\/de\/nutzungsbedingungen\/"]}]},{"@type":"BreadcrumbList","@id":"https:\/\/scitekconsultants.co.uk\/de\/nutzungsbedingungen\/#breadcrumb","itemListElement":[{"@type":"ListItem","position":1,"name":"Home","item":"https:\/\/scitekconsultants.co.uk\/de\/"},{"@type":"ListItem","position":2,"name":"Nutzungsbedingungen"}]},{"@type":"WebSite","@id":"https:\/\/scitekconsultants.co.uk\/de\/#website","url":"https:\/\/scitekconsultants.co.uk\/de\/","name":"SCITEK","description":"Excellence in Engineering","potentialAction":[{"@type":"SearchAction","target":{"@type":"EntryPoint","urlTemplate":"https:\/\/scitekconsultants.co.uk\/de\/?s={search_term_string}"},"query-input":{"@type":"PropertyValueSpecification","valueRequired":true,"valueName":"search_term_string"}}],"inLanguage":"de"}]}},"_links":{"self":[{"href":"https:\/\/scitekconsultants.co.uk\/de\/wp-json\/wp\/v2\/pages\/6622","targetHints":{"allow":["GET"]}}],"collection":[{"href":"https:\/\/scitekconsultants.co.uk\/de\/wp-json\/wp\/v2\/pages"}],"about":[{"href":"https:\/\/scitekconsultants.co.uk\/de\/wp-json\/wp\/v2\/types\/page"}],"author":[{"embeddable":true,"href":"https:\/\/scitekconsultants.co.uk\/de\/wp-json\/wp\/v2\/users\/6"}],"replies":[{"embeddable":true,"href":"https:\/\/scitekconsultants.co.uk\/de\/wp-json\/wp\/v2\/comments?post=6622"}],"version-history":[{"count":3,"href":"https:\/\/scitekconsultants.co.uk\/de\/wp-json\/wp\/v2\/pages\/6622\/revisions"}],"predecessor-version":[{"id":6735,"href":"https:\/\/scitekconsultants.co.uk\/de\/wp-json\/wp\/v2\/pages\/6622\/revisions\/6735"}],"wp:attachment":[{"href":"https:\/\/scitekconsultants.co.uk\/de\/wp-json\/wp\/v2\/media?parent=6622"}],"curies":[{"name":"wp","href":"https:\/\/api.w.org\/{rel}","templated":true}]}}