{"id":6618,"date":"2020-04-30T14:49:59","date_gmt":"2020-04-30T14:49:59","guid":{"rendered":"https:\/\/scitekconsultants.co.uk\/pruefeinrichtungen\/"},"modified":"2022-07-14T12:14:27","modified_gmt":"2022-07-14T12:14:27","slug":"pruefeinrichtungen","status":"publish","type":"page","link":"https:\/\/scitekconsultants.co.uk\/de\/pruefeinrichtungen\/","title":{"rendered":"Pr\u00fcfeinrichtungen"},"content":{"rendered":"<h2>SCITEK-Pr\u00fcfeinrichtungen<\/h2>\n<p>SCITEK betreibt eine Reihe spezifischer Pr\u00fcfeinrichtungen. Klicken Sie auf die Links unten, um mehr zu erfahren.&nbsp;<\/p>\n<ul>\n<li><a href=\"https:\/\/scitekconsultants.co.uk\/consultancy\/experimental-fluid-dynamics\/spray-rigs\/\">Spr\u00fchcharakterisierung<\/a><\/li>\n<li>Luftstrommessungen<\/li>\n<li>Verschlei\u00dfpr\u00fcfstand<\/li>\n<li>Vibrationspr\u00fcfungen<\/li>\n<li><a href=\"https:\/\/scitekconsultants.co.uk\/test-facilities\/airjet-exciter\/\">Str\u00f6mungsinduzierter Erreger&nbsp;<\/a><\/li>\n<li><a href=\"https:\/\/scitekconsultants.co.uk\/test-facilities\/scitek-engine-facility\/\">Triebwerks-Versuchsanlage<\/a><\/li>\n<\/ul>\n","protected":false},"excerpt":{"rendered":"<p>SCITEK-Pr\u00fcfeinrichtungen SCITEK betreibt eine Reihe spezifischer Pr\u00fcfeinrichtungen. Klicken Sie auf die Links unten, um mehr zu erfahren.&nbsp; Spr\u00fchcharakterisierung Luftstrommessungen Verschlei\u00dfpr\u00fcfstand [&hellip;]<\/p>\n","protected":false},"author":6,"featured_media":0,"parent":0,"menu_order":0,"comment_status":"closed","ping_status":"closed","template":"","meta":{"_acf_changed":false,"inline_featured_image":false,"footnotes":""},"class_list":["post-6618","page","type-page","status-publish","hentry"],"acf":[],"yoast_head":"<!-- This site is optimized with the Yoast SEO plugin v27.5 - https:\/\/yoast.com\/product\/yoast-seo-wordpress\/ -->\n<title>Pr\u00fcfeinrichtungen - SCITEK<\/title>\n<meta name=\"robots\" content=\"index, follow, max-snippet:-1, max-image-preview:large, max-video-preview:-1\" \/>\n<link rel=\"canonical\" href=\"https:\/\/scitekconsultants.co.uk\/de\/pruefeinrichtungen\/\" \/>\n<meta property=\"og:locale\" content=\"de_DE\" \/>\n<meta property=\"og:type\" content=\"article\" \/>\n<meta property=\"og:title\" content=\"Pr\u00fcfeinrichtungen - SCITEK\" \/>\n<meta property=\"og:description\" content=\"SCITEK-Pr\u00fcfeinrichtungen SCITEK betreibt eine Reihe spezifischer Pr\u00fcfeinrichtungen. Klicken Sie auf die Links unten, um mehr zu erfahren.&nbsp; Spr\u00fchcharakterisierung Luftstrommessungen Verschlei\u00dfpr\u00fcfstand [&hellip;]\" \/>\n<meta property=\"og:url\" content=\"https:\/\/scitekconsultants.co.uk\/de\/pruefeinrichtungen\/\" \/>\n<meta property=\"og:site_name\" content=\"SCITEK\" \/>\n<meta property=\"article:modified_time\" content=\"2022-07-14T12:14:27+00:00\" \/>\n<script type=\"application\/ld+json\" class=\"yoast-schema-graph\">{\"@context\":\"https:\\\/\\\/schema.org\",\"@graph\":[{\"@type\":\"WebPage\",\"@id\":\"https:\\\/\\\/scitekconsultants.co.uk\\\/de\\\/pruefeinrichtungen\\\/\",\"url\":\"https:\\\/\\\/scitekconsultants.co.uk\\\/de\\\/pruefeinrichtungen\\\/\",\"name\":\"Pr\u00fcfeinrichtungen - SCITEK\",\"isPartOf\":{\"@id\":\"https:\\\/\\\/scitekconsultants.co.uk\\\/de\\\/#website\"},\"datePublished\":\"2020-04-30T14:49:59+00:00\",\"dateModified\":\"2022-07-14T12:14:27+00:00\",\"breadcrumb\":{\"@id\":\"https:\\\/\\\/scitekconsultants.co.uk\\\/de\\\/pruefeinrichtungen\\\/#breadcrumb\"},\"inLanguage\":\"de\",\"potentialAction\":[{\"@type\":\"ReadAction\",\"target\":[\"https:\\\/\\\/scitekconsultants.co.uk\\\/de\\\/pruefeinrichtungen\\\/\"]}]},{\"@type\":\"BreadcrumbList\",\"@id\":\"https:\\\/\\\/scitekconsultants.co.uk\\\/de\\\/pruefeinrichtungen\\\/#breadcrumb\",\"itemListElement\":[{\"@type\":\"ListItem\",\"position\":1,\"name\":\"Home\",\"item\":\"https:\\\/\\\/scitekconsultants.co.uk\\\/de\\\/\"},{\"@type\":\"ListItem\",\"position\":2,\"name\":\"Pr\u00fcfeinrichtungen\"}]},{\"@type\":\"WebSite\",\"@id\":\"https:\\\/\\\/scitekconsultants.co.uk\\\/de\\\/#website\",\"url\":\"https:\\\/\\\/scitekconsultants.co.uk\\\/de\\\/\",\"name\":\"SCITEK\",\"description\":\"Excellence in Engineering\",\"potentialAction\":[{\"@type\":\"SearchAction\",\"target\":{\"@type\":\"EntryPoint\",\"urlTemplate\":\"https:\\\/\\\/scitekconsultants.co.uk\\\/de\\\/?s={search_term_string}\"},\"query-input\":{\"@type\":\"PropertyValueSpecification\",\"valueRequired\":true,\"valueName\":\"search_term_string\"}}],\"inLanguage\":\"de\"}]}<\/script>\n<!-- \/ Yoast SEO plugin. -->","yoast_head_json":{"title":"Pr\u00fcfeinrichtungen - SCITEK","robots":{"index":"index","follow":"follow","max-snippet":"max-snippet:-1","max-image-preview":"max-image-preview:large","max-video-preview":"max-video-preview:-1"},"canonical":"https:\/\/scitekconsultants.co.uk\/de\/pruefeinrichtungen\/","og_locale":"de_DE","og_type":"article","og_title":"Pr\u00fcfeinrichtungen - SCITEK","og_description":"SCITEK-Pr\u00fcfeinrichtungen SCITEK betreibt eine Reihe spezifischer Pr\u00fcfeinrichtungen. Klicken Sie auf die Links unten, um mehr zu erfahren.&nbsp; Spr\u00fchcharakterisierung Luftstrommessungen Verschlei\u00dfpr\u00fcfstand [&hellip;]","og_url":"https:\/\/scitekconsultants.co.uk\/de\/pruefeinrichtungen\/","og_site_name":"SCITEK","article_modified_time":"2022-07-14T12:14:27+00:00","schema":{"@context":"https:\/\/schema.org","@graph":[{"@type":"WebPage","@id":"https:\/\/scitekconsultants.co.uk\/de\/pruefeinrichtungen\/","url":"https:\/\/scitekconsultants.co.uk\/de\/pruefeinrichtungen\/","name":"Pr\u00fcfeinrichtungen - SCITEK","isPartOf":{"@id":"https:\/\/scitekconsultants.co.uk\/de\/#website"},"datePublished":"2020-04-30T14:49:59+00:00","dateModified":"2022-07-14T12:14:27+00:00","breadcrumb":{"@id":"https:\/\/scitekconsultants.co.uk\/de\/pruefeinrichtungen\/#breadcrumb"},"inLanguage":"de","potentialAction":[{"@type":"ReadAction","target":["https:\/\/scitekconsultants.co.uk\/de\/pruefeinrichtungen\/"]}]},{"@type":"BreadcrumbList","@id":"https:\/\/scitekconsultants.co.uk\/de\/pruefeinrichtungen\/#breadcrumb","itemListElement":[{"@type":"ListItem","position":1,"name":"Home","item":"https:\/\/scitekconsultants.co.uk\/de\/"},{"@type":"ListItem","position":2,"name":"Pr\u00fcfeinrichtungen"}]},{"@type":"WebSite","@id":"https:\/\/scitekconsultants.co.uk\/de\/#website","url":"https:\/\/scitekconsultants.co.uk\/de\/","name":"SCITEK","description":"Excellence in Engineering","potentialAction":[{"@type":"SearchAction","target":{"@type":"EntryPoint","urlTemplate":"https:\/\/scitekconsultants.co.uk\/de\/?s={search_term_string}"},"query-input":{"@type":"PropertyValueSpecification","valueRequired":true,"valueName":"search_term_string"}}],"inLanguage":"de"}]}},"_links":{"self":[{"href":"https:\/\/scitekconsultants.co.uk\/de\/wp-json\/wp\/v2\/pages\/6618","targetHints":{"allow":["GET"]}}],"collection":[{"href":"https:\/\/scitekconsultants.co.uk\/de\/wp-json\/wp\/v2\/pages"}],"about":[{"href":"https:\/\/scitekconsultants.co.uk\/de\/wp-json\/wp\/v2\/types\/page"}],"author":[{"embeddable":true,"href":"https:\/\/scitekconsultants.co.uk\/de\/wp-json\/wp\/v2\/users\/6"}],"replies":[{"embeddable":true,"href":"https:\/\/scitekconsultants.co.uk\/de\/wp-json\/wp\/v2\/comments?post=6618"}],"version-history":[{"count":1,"href":"https:\/\/scitekconsultants.co.uk\/de\/wp-json\/wp\/v2\/pages\/6618\/revisions"}],"predecessor-version":[{"id":6730,"href":"https:\/\/scitekconsultants.co.uk\/de\/wp-json\/wp\/v2\/pages\/6618\/revisions\/6730"}],"wp:attachment":[{"href":"https:\/\/scitekconsultants.co.uk\/de\/wp-json\/wp\/v2\/media?parent=6618"}],"curies":[{"name":"wp","href":"https:\/\/api.w.org\/{rel}","templated":true}]}}