{"id":6617,"date":"2020-05-11T12:38:56","date_gmt":"2020-05-11T12:38:56","guid":{"rendered":"https:\/\/scitekconsultants.co.uk\/stroemungsinduzierter-erreger\/"},"modified":"2022-07-14T12:14:26","modified_gmt":"2022-07-14T12:14:26","slug":"stroemungsinduzierter-erreger","status":"publish","type":"page","link":"https:\/\/scitekconsultants.co.uk\/de\/pruefeinrichtungen\/stroemungsinduzierter-erreger\/","title":{"rendered":"Str\u00f6mungsinduzierter Erreger"},"content":{"rendered":"<h2>Str\u00f6mungsinduziertes Erregersystem f\u00fcr Langzeiterm\u00fcdungstests von Gasturbinenschaufeln<\/h2>\n<p><img loading=\"lazy\" decoding=\"async\" class=\"aligncenter wp-image-1991\" src=\"https:\/\/scitekconsultants.co.uk\/wp-content\/uploads\/2020\/05\/Airjet_Demo_TK_9144-scaled.jpg\" alt=\"\" width=\"325\" height=\"485\" srcset=\"https:\/\/scitekconsultants.co.uk\/wp-content\/uploads\/2020\/05\/Airjet_Demo_TK_9144-scaled.jpg 1717w, https:\/\/scitekconsultants.co.uk\/wp-content\/uploads\/2020\/05\/Airjet_Demo_TK_9144-201x300.jpg 201w, https:\/\/scitekconsultants.co.uk\/wp-content\/uploads\/2020\/05\/Airjet_Demo_TK_9144-687x1024.jpg 687w, https:\/\/scitekconsultants.co.uk\/wp-content\/uploads\/2020\/05\/Airjet_Demo_TK_9144-768x1145.jpg 768w, https:\/\/scitekconsultants.co.uk\/wp-content\/uploads\/2020\/05\/Airjet_Demo_TK_9144-1030x1536.jpg 1030w, https:\/\/scitekconsultants.co.uk\/wp-content\/uploads\/2020\/05\/Airjet_Demo_TK_9144-1374x2048.jpg 1374w\" sizes=\"auto, (max-width: 325px) 100vw, 325px\" \/><\/p>\n<p>Das str\u00f6mungsinduzierte Erregersystem von SCITEK besteht aus einem optischen System, das zur dynamischen Messung der Schwingungsamplitude von Komponenten verwendet wird, w\u00e4hrend andere Sensoren, wie z. B. ein Mikrofon, ein optischer Triangulationssensor oder ein Laservibrometer zur Messung ihrer Schwingungsfrequenz verwendet werden k\u00f6nnen. Das System verwendet einen Druckluftstrahl, um die Schaufel zu erregen und die Schwingungsamplitude auf einem konstanten Niveau zu halten. Das System ist mit einem Windows-basierten PC verbunden, der bei der Durchf\u00fchrung und \u00dcberwachung von Tests die wesentlichen Steuervorg\u00e4nge und die Hauptbenutzeroberfl\u00e4che bereitstellt. Der PC zeichnet w\u00e4hrend des Tests alle notwendigen Daten auf und erstellt am Ende des Testverfahrens einen Bericht zur Dokumentierung des Prozesses.<\/p>\n<h3>Komponenten der Anlage<\/h3>\n<ul>\n<li>Vernetzter PC (PC oder Laptop) mit installierter SCITEK-Software f\u00fcr das str\u00f6mungsinduzierte Erregersystem.<\/li>\n<li>Steuereinheit mit Handbedienger\u00e4t f\u00fcr die str\u00f6mungsinduzierte Erregung.<\/li>\n<li>Zwei GIGE-Kameras mit stark vergr\u00f6\u00dfernden Objektiven<\/li>\n<li>Zwei manuelle 3D-Traversiereinrichtungen zur einfachen Einstellung der Kameras<\/li>\n<li>Hydraulischer Klemmmechanismus, der an die Schaufelform des Kunden angepasst werden kann<\/li>\n<li>Druckregler f\u00fcr hohe Durchflussmengen und Luftd\u00fcse \u2013 gefertigt nach Kundenwunsch<\/li>\n<li>Mikrofon oder anderes Frequenzmessger\u00e4t je nach Kundenwunsch.<\/li>\n<\/ul>\n<h3>\u00c4nderungen k\u00f6nnen vorgenommen werden<\/h3>\n<ul>\n<li>Optischer Tisch mit schwingungsd\u00e4mpfenden Montagef\u00fc\u00dfen<\/li>\n<li>Zus\u00e4tzliche hydraulische Schaufelhalterungen f\u00fcr unterschiedliche Schaufeltypen<\/li>\n<li>Schalld\u00e4mmgeh\u00e4use<\/li>\n<li>Einw\u00f6chige Schulung vor Ort<\/li>\n<\/ul>\n<p><a href=\"tel:00441332365652\">Rufen Sie uns jetzt an,<\/a> um bei einem unverbindlichen Gespr\u00e4ch \u00fcber Ihre Bed\u00fcrfnisse oder die Konstruktion eines ma\u00dfgeschneiderten Systems zu sprechen.&nbsp;<\/p>\n","protected":false},"excerpt":{"rendered":"<p>Str\u00f6mungsinduziertes Erregersystem f\u00fcr Langzeiterm\u00fcdungstests von Gasturbinenschaufeln Das str\u00f6mungsinduzierte Erregersystem von SCITEK besteht aus einem optischen System, das zur dynamischen Messung [&hellip;]<\/p>\n","protected":false},"author":6,"featured_media":0,"parent":6618,"menu_order":0,"comment_status":"closed","ping_status":"closed","template":"","meta":{"_acf_changed":false,"inline_featured_image":false,"footnotes":""},"class_list":["post-6617","page","type-page","status-publish","hentry"],"acf":[],"yoast_head":"<!-- This site is optimized with the Yoast SEO plugin v27.5 - https:\/\/yoast.com\/product\/yoast-seo-wordpress\/ -->\n<title>Str\u00f6mungsinduzierter Erreger - SCITEK<\/title>\n<meta name=\"robots\" content=\"index, follow, max-snippet:-1, max-image-preview:large, max-video-preview:-1\" \/>\n<link rel=\"canonical\" href=\"https:\/\/scitekconsultants.co.uk\/de\/pruefeinrichtungen\/stroemungsinduzierter-erreger\/\" \/>\n<meta property=\"og:locale\" content=\"de_DE\" \/>\n<meta property=\"og:type\" content=\"article\" \/>\n<meta property=\"og:title\" content=\"Str\u00f6mungsinduzierter Erreger - SCITEK\" \/>\n<meta property=\"og:description\" content=\"Str\u00f6mungsinduziertes Erregersystem f\u00fcr Langzeiterm\u00fcdungstests von Gasturbinenschaufeln Das str\u00f6mungsinduzierte Erregersystem von SCITEK besteht aus einem optischen System, das zur dynamischen Messung [&hellip;]\" \/>\n<meta property=\"og:url\" content=\"https:\/\/scitekconsultants.co.uk\/de\/pruefeinrichtungen\/stroemungsinduzierter-erreger\/\" \/>\n<meta property=\"og:site_name\" content=\"SCITEK\" \/>\n<meta property=\"article:modified_time\" content=\"2022-07-14T12:14:26+00:00\" \/>\n<meta property=\"og:image\" content=\"https:\/\/scitekconsultants.co.uk\/wp-content\/uploads\/2020\/05\/Airjet_Demo_TK_9144-scaled.jpg\" \/>\n<meta name=\"twitter:label1\" content=\"Gesch\u00e4tzte Lesezeit\" \/>\n\t<meta name=\"twitter:data1\" content=\"1\u00a0Minute\" \/>\n<script type=\"application\/ld+json\" class=\"yoast-schema-graph\">{\"@context\":\"https:\\\/\\\/schema.org\",\"@graph\":[{\"@type\":\"WebPage\",\"@id\":\"https:\\\/\\\/scitekconsultants.co.uk\\\/de\\\/pruefeinrichtungen\\\/stroemungsinduzierter-erreger\\\/\",\"url\":\"https:\\\/\\\/scitekconsultants.co.uk\\\/de\\\/pruefeinrichtungen\\\/stroemungsinduzierter-erreger\\\/\",\"name\":\"Str\u00f6mungsinduzierter Erreger - SCITEK\",\"isPartOf\":{\"@id\":\"https:\\\/\\\/scitekconsultants.co.uk\\\/de\\\/#website\"},\"primaryImageOfPage\":{\"@id\":\"https:\\\/\\\/scitekconsultants.co.uk\\\/de\\\/pruefeinrichtungen\\\/stroemungsinduzierter-erreger\\\/#primaryimage\"},\"image\":{\"@id\":\"https:\\\/\\\/scitekconsultants.co.uk\\\/de\\\/pruefeinrichtungen\\\/stroemungsinduzierter-erreger\\\/#primaryimage\"},\"thumbnailUrl\":\"https:\\\/\\\/scitekconsultants.co.uk\\\/wp-content\\\/uploads\\\/2020\\\/05\\\/Airjet_Demo_TK_9144-scaled.jpg\",\"datePublished\":\"2020-05-11T12:38:56+00:00\",\"dateModified\":\"2022-07-14T12:14:26+00:00\",\"breadcrumb\":{\"@id\":\"https:\\\/\\\/scitekconsultants.co.uk\\\/de\\\/pruefeinrichtungen\\\/stroemungsinduzierter-erreger\\\/#breadcrumb\"},\"inLanguage\":\"de\",\"potentialAction\":[{\"@type\":\"ReadAction\",\"target\":[\"https:\\\/\\\/scitekconsultants.co.uk\\\/de\\\/pruefeinrichtungen\\\/stroemungsinduzierter-erreger\\\/\"]}]},{\"@type\":\"ImageObject\",\"inLanguage\":\"de\",\"@id\":\"https:\\\/\\\/scitekconsultants.co.uk\\\/de\\\/pruefeinrichtungen\\\/stroemungsinduzierter-erreger\\\/#primaryimage\",\"url\":\"https:\\\/\\\/scitekconsultants.co.uk\\\/wp-content\\\/uploads\\\/2020\\\/05\\\/Airjet_Demo_TK_9144-scaled.jpg\",\"contentUrl\":\"https:\\\/\\\/scitekconsultants.co.uk\\\/wp-content\\\/uploads\\\/2020\\\/05\\\/Airjet_Demo_TK_9144-scaled.jpg\"},{\"@type\":\"BreadcrumbList\",\"@id\":\"https:\\\/\\\/scitekconsultants.co.uk\\\/de\\\/pruefeinrichtungen\\\/stroemungsinduzierter-erreger\\\/#breadcrumb\",\"itemListElement\":[{\"@type\":\"ListItem\",\"position\":1,\"name\":\"Home\",\"item\":\"https:\\\/\\\/scitekconsultants.co.uk\\\/de\\\/\"},{\"@type\":\"ListItem\",\"position\":2,\"name\":\"Pr\u00fcfeinrichtungen\",\"item\":\"https:\\\/\\\/scitekconsultants.co.uk\\\/de\\\/pruefeinrichtungen\\\/\"},{\"@type\":\"ListItem\",\"position\":3,\"name\":\"Str\u00f6mungsinduzierter Erreger\"}]},{\"@type\":\"WebSite\",\"@id\":\"https:\\\/\\\/scitekconsultants.co.uk\\\/de\\\/#website\",\"url\":\"https:\\\/\\\/scitekconsultants.co.uk\\\/de\\\/\",\"name\":\"SCITEK\",\"description\":\"Excellence in Engineering\",\"potentialAction\":[{\"@type\":\"SearchAction\",\"target\":{\"@type\":\"EntryPoint\",\"urlTemplate\":\"https:\\\/\\\/scitekconsultants.co.uk\\\/de\\\/?s={search_term_string}\"},\"query-input\":{\"@type\":\"PropertyValueSpecification\",\"valueRequired\":true,\"valueName\":\"search_term_string\"}}],\"inLanguage\":\"de\"}]}<\/script>\n<!-- \/ Yoast SEO plugin. -->","yoast_head_json":{"title":"Str\u00f6mungsinduzierter Erreger - SCITEK","robots":{"index":"index","follow":"follow","max-snippet":"max-snippet:-1","max-image-preview":"max-image-preview:large","max-video-preview":"max-video-preview:-1"},"canonical":"https:\/\/scitekconsultants.co.uk\/de\/pruefeinrichtungen\/stroemungsinduzierter-erreger\/","og_locale":"de_DE","og_type":"article","og_title":"Str\u00f6mungsinduzierter Erreger - SCITEK","og_description":"Str\u00f6mungsinduziertes Erregersystem f\u00fcr Langzeiterm\u00fcdungstests von Gasturbinenschaufeln Das str\u00f6mungsinduzierte Erregersystem von SCITEK besteht aus einem optischen System, das zur dynamischen Messung [&hellip;]","og_url":"https:\/\/scitekconsultants.co.uk\/de\/pruefeinrichtungen\/stroemungsinduzierter-erreger\/","og_site_name":"SCITEK","article_modified_time":"2022-07-14T12:14:26+00:00","og_image":[{"url":"https:\/\/scitekconsultants.co.uk\/wp-content\/uploads\/2020\/05\/Airjet_Demo_TK_9144-scaled.jpg","type":"","width":"","height":""}],"twitter_misc":{"Gesch\u00e4tzte Lesezeit":"1\u00a0Minute"},"schema":{"@context":"https:\/\/schema.org","@graph":[{"@type":"WebPage","@id":"https:\/\/scitekconsultants.co.uk\/de\/pruefeinrichtungen\/stroemungsinduzierter-erreger\/","url":"https:\/\/scitekconsultants.co.uk\/de\/pruefeinrichtungen\/stroemungsinduzierter-erreger\/","name":"Str\u00f6mungsinduzierter Erreger - SCITEK","isPartOf":{"@id":"https:\/\/scitekconsultants.co.uk\/de\/#website"},"primaryImageOfPage":{"@id":"https:\/\/scitekconsultants.co.uk\/de\/pruefeinrichtungen\/stroemungsinduzierter-erreger\/#primaryimage"},"image":{"@id":"https:\/\/scitekconsultants.co.uk\/de\/pruefeinrichtungen\/stroemungsinduzierter-erreger\/#primaryimage"},"thumbnailUrl":"https:\/\/scitekconsultants.co.uk\/wp-content\/uploads\/2020\/05\/Airjet_Demo_TK_9144-scaled.jpg","datePublished":"2020-05-11T12:38:56+00:00","dateModified":"2022-07-14T12:14:26+00:00","breadcrumb":{"@id":"https:\/\/scitekconsultants.co.uk\/de\/pruefeinrichtungen\/stroemungsinduzierter-erreger\/#breadcrumb"},"inLanguage":"de","potentialAction":[{"@type":"ReadAction","target":["https:\/\/scitekconsultants.co.uk\/de\/pruefeinrichtungen\/stroemungsinduzierter-erreger\/"]}]},{"@type":"ImageObject","inLanguage":"de","@id":"https:\/\/scitekconsultants.co.uk\/de\/pruefeinrichtungen\/stroemungsinduzierter-erreger\/#primaryimage","url":"https:\/\/scitekconsultants.co.uk\/wp-content\/uploads\/2020\/05\/Airjet_Demo_TK_9144-scaled.jpg","contentUrl":"https:\/\/scitekconsultants.co.uk\/wp-content\/uploads\/2020\/05\/Airjet_Demo_TK_9144-scaled.jpg"},{"@type":"BreadcrumbList","@id":"https:\/\/scitekconsultants.co.uk\/de\/pruefeinrichtungen\/stroemungsinduzierter-erreger\/#breadcrumb","itemListElement":[{"@type":"ListItem","position":1,"name":"Home","item":"https:\/\/scitekconsultants.co.uk\/de\/"},{"@type":"ListItem","position":2,"name":"Pr\u00fcfeinrichtungen","item":"https:\/\/scitekconsultants.co.uk\/de\/pruefeinrichtungen\/"},{"@type":"ListItem","position":3,"name":"Str\u00f6mungsinduzierter Erreger"}]},{"@type":"WebSite","@id":"https:\/\/scitekconsultants.co.uk\/de\/#website","url":"https:\/\/scitekconsultants.co.uk\/de\/","name":"SCITEK","description":"Excellence in Engineering","potentialAction":[{"@type":"SearchAction","target":{"@type":"EntryPoint","urlTemplate":"https:\/\/scitekconsultants.co.uk\/de\/?s={search_term_string}"},"query-input":{"@type":"PropertyValueSpecification","valueRequired":true,"valueName":"search_term_string"}}],"inLanguage":"de"}]}},"_links":{"self":[{"href":"https:\/\/scitekconsultants.co.uk\/de\/wp-json\/wp\/v2\/pages\/6617","targetHints":{"allow":["GET"]}}],"collection":[{"href":"https:\/\/scitekconsultants.co.uk\/de\/wp-json\/wp\/v2\/pages"}],"about":[{"href":"https:\/\/scitekconsultants.co.uk\/de\/wp-json\/wp\/v2\/types\/page"}],"author":[{"embeddable":true,"href":"https:\/\/scitekconsultants.co.uk\/de\/wp-json\/wp\/v2\/users\/6"}],"replies":[{"embeddable":true,"href":"https:\/\/scitekconsultants.co.uk\/de\/wp-json\/wp\/v2\/comments?post=6617"}],"version-history":[{"count":1,"href":"https:\/\/scitekconsultants.co.uk\/de\/wp-json\/wp\/v2\/pages\/6617\/revisions"}],"predecessor-version":[{"id":6729,"href":"https:\/\/scitekconsultants.co.uk\/de\/wp-json\/wp\/v2\/pages\/6617\/revisions\/6729"}],"up":[{"embeddable":true,"href":"https:\/\/scitekconsultants.co.uk\/de\/wp-json\/wp\/v2\/pages\/6618"}],"wp:attachment":[{"href":"https:\/\/scitekconsultants.co.uk\/de\/wp-json\/wp\/v2\/media?parent=6617"}],"curies":[{"name":"wp","href":"https:\/\/api.w.org\/{rel}","templated":true}]}}