{"id":6613,"date":"2020-05-11T13:19:11","date_gmt":"2020-05-11T13:19:11","guid":{"rendered":"https:\/\/scitekconsultants.co.uk\/scitek-triebwerksversuchsanlage\/"},"modified":"2022-07-14T12:14:25","modified_gmt":"2022-07-14T12:14:25","slug":"scitek-triebwerksversuchsanlage","status":"publish","type":"page","link":"https:\/\/scitekconsultants.co.uk\/de\/pruefeinrichtungen\/scitek-triebwerksversuchsanlage\/","title":{"rendered":"SCITEK-Triebwerksversuchsanlage"},"content":{"rendered":"<h2>Instrumentierung f\u00fcr Triebwerkspr\u00fcfungen<\/h2>\n<p>SCITEK richtet derzeit eine Versuchsanlage ein, die im Januar 2021 er\u00f6ffnet wird und in der einige von OEMs unabh\u00e4ngige Triebwerke vorhanden sein werden. <\/p>\n<h3><span id=\"Engines_which_can_be_included_in_the_facility\" class=\"mw-headline\">Triebwerkstypen<\/span><\/h3>\n<ul>\n<li>Turbojet-Triebwerk,<\/li>\n<li>Hubschraubertriebwerk und<\/li>\n<li>Gasturbinentriebwerk (Hilfstriebwerk) .<\/li>\n<\/ul>\n<p>Mit dieser neuen Einrichtung soll eine Anlage geschaffen werden, die eine Reihe von Triebwerken f\u00fcr unterschiedliche Budgets bietet, damit unsere Kunden Triebwerke nutzen k\u00f6nnen, deren Betriebskosten genau ihren Anforderungen entsprechen. <\/p>\n<h3><span id=\"Standort\" class=\"mw-headline\">Standort<\/span><\/h3>\n<p>Kleinere Triebwerke k\u00f6nnen in den betriebseigenen Einrichtungen von SCITEK in Derby genutzt werden. Die gr\u00f6\u00dferen Triebwerke werden an einem externen Standort installiert (noch zu best\u00e4tigen). <\/p>\n<h3>Wer die Einrichtung nutzen kann:<\/h3>\n<ul>\n<li>Sensorhersteller<\/li>\n<li>Triebwerksherstellern<<\/li>\n<li>Universit\u00e4ten, die die Triebwerke nutzen m\u00f6chten, um einen Teil ihrer Arbeit zu validieren<\/li>\n<li>Studenten und Hochschulabsolventen \u2013 SCITEK plant, einen Gasturbinen-Einf\u00fchrungskurs anzubieten<\/li>\n<\/ul>\n<h3>Art der an Triebwerken durchgef\u00fchrten Modifikationen<\/h3>\n<ul>\n<li>Temperaturf\u00fchler<\/li>\n<li>Emissionssonden<\/li>\n<li>Optische Sonden<\/li>\n<li>Drucksonden<\/li>\n<li>Tip-Timing<\/li>\n<li>Spitzenspiel<\/li>\n<li>Beschleunigungsmesser<\/li>\n<li>Dehnungsmessger\u00e4te<\/li>\n<li>Neue Brennkammer<\/li>\n<li>Signalkonditionierung am Pylon<\/li>\n<\/ul>\n<h3>Einsatzm\u00f6glichkeiten<\/h3>\n<ul>\n<li>Simulation von Flugzyklen: f\u00fcr zyklische Tests von Sensoren und Emissionstests<\/li>\n<li>Dauerlauftests<\/li>\n<li>\u00dcberwachung des Triebwerkszustands (Engine Health Monitoring): Fehler k\u00f6nnen in Komponenten simuliert werden<\/li>\n<li>Tests in unterschiedlichen Umgebungen: Einspr\u00fchen von wasserbasierten L\u00f6sungen in den Triebwerkseingang<\/li>\n<li>Modellvalidierung: zur Validierung mathematischer Modelle unter realistischen Betriebsbedingungen<\/li>\n<li>Neue Algorithmen f\u00fcr die Triebwerksregelung<\/li>\n<li>\u00dcberwachung der Triebwerksleistung unter ung\u00fcnstigen Ansaugbedingungen<\/li>\n<\/ul>\n<h3>Weitere Informationen&nbsp;<\/h3>\n<p>Bitte wenden Sie sich an SCITEK, um Ihre Individuellen Anforderungen mit uns zu besprechen. Nehmen Sie jetzt mit uns Kontakt auf: <a href=\"mailto:enquiries@scitekconsultants.co.uk\">enquiries@scitekconsultants.co.uk<\/a> oder <a href=\"tel:00441332365652\">01332 365 652<\/a> . Wir freuen uns auch \u00fcber Feedback und Vorschl\u00e4ge zu alternativen Verwendungsm\u00f6glichkeiten f\u00fcr die Einrichtung.&nbsp;<\/p>\n","protected":false},"excerpt":{"rendered":"<p>Instrumentierung f\u00fcr Triebwerkspr\u00fcfungen SCITEK richtet derzeit eine Versuchsanlage ein, die im Januar 2021 er\u00f6ffnet wird und in der einige von [&hellip;]<\/p>\n","protected":false},"author":6,"featured_media":0,"parent":6618,"menu_order":0,"comment_status":"closed","ping_status":"closed","template":"","meta":{"_acf_changed":false,"inline_featured_image":false,"footnotes":""},"class_list":["post-6613","page","type-page","status-publish","hentry"],"acf":[],"yoast_head":"<!-- This site is optimized with the Yoast SEO plugin v27.4 - https:\/\/yoast.com\/product\/yoast-seo-wordpress\/ -->\n<title>SCITEK-Triebwerksversuchsanlage - SCITEK<\/title>\n<meta name=\"robots\" content=\"index, follow, max-snippet:-1, max-image-preview:large, max-video-preview:-1\" \/>\n<link rel=\"canonical\" href=\"https:\/\/scitekconsultants.co.uk\/de\/pruefeinrichtungen\/scitek-triebwerksversuchsanlage\/\" \/>\n<meta property=\"og:locale\" content=\"de_DE\" \/>\n<meta property=\"og:type\" content=\"article\" \/>\n<meta property=\"og:title\" content=\"SCITEK-Triebwerksversuchsanlage - SCITEK\" \/>\n<meta property=\"og:description\" content=\"Instrumentierung f\u00fcr Triebwerkspr\u00fcfungen SCITEK richtet derzeit eine Versuchsanlage ein, die im Januar 2021 er\u00f6ffnet wird und in der einige von [&hellip;]\" \/>\n<meta property=\"og:url\" content=\"https:\/\/scitekconsultants.co.uk\/de\/pruefeinrichtungen\/scitek-triebwerksversuchsanlage\/\" \/>\n<meta property=\"og:site_name\" content=\"SCITEK\" \/>\n<meta property=\"article:modified_time\" content=\"2022-07-14T12:14:25+00:00\" \/>\n<meta name=\"twitter:label1\" content=\"Gesch\u00e4tzte Lesezeit\" \/>\n\t<meta name=\"twitter:data1\" content=\"1\u00a0Minute\" \/>\n<script type=\"application\/ld+json\" class=\"yoast-schema-graph\">{\"@context\":\"https:\\\/\\\/schema.org\",\"@graph\":[{\"@type\":\"WebPage\",\"@id\":\"https:\\\/\\\/scitekconsultants.co.uk\\\/de\\\/pruefeinrichtungen\\\/scitek-triebwerksversuchsanlage\\\/\",\"url\":\"https:\\\/\\\/scitekconsultants.co.uk\\\/de\\\/pruefeinrichtungen\\\/scitek-triebwerksversuchsanlage\\\/\",\"name\":\"SCITEK-Triebwerksversuchsanlage - SCITEK\",\"isPartOf\":{\"@id\":\"https:\\\/\\\/scitekconsultants.co.uk\\\/de\\\/#website\"},\"datePublished\":\"2020-05-11T13:19:11+00:00\",\"dateModified\":\"2022-07-14T12:14:25+00:00\",\"breadcrumb\":{\"@id\":\"https:\\\/\\\/scitekconsultants.co.uk\\\/de\\\/pruefeinrichtungen\\\/scitek-triebwerksversuchsanlage\\\/#breadcrumb\"},\"inLanguage\":\"de\",\"potentialAction\":[{\"@type\":\"ReadAction\",\"target\":[\"https:\\\/\\\/scitekconsultants.co.uk\\\/de\\\/pruefeinrichtungen\\\/scitek-triebwerksversuchsanlage\\\/\"]}]},{\"@type\":\"BreadcrumbList\",\"@id\":\"https:\\\/\\\/scitekconsultants.co.uk\\\/de\\\/pruefeinrichtungen\\\/scitek-triebwerksversuchsanlage\\\/#breadcrumb\",\"itemListElement\":[{\"@type\":\"ListItem\",\"position\":1,\"name\":\"Home\",\"item\":\"https:\\\/\\\/scitekconsultants.co.uk\\\/de\\\/\"},{\"@type\":\"ListItem\",\"position\":2,\"name\":\"Pr\u00fcfeinrichtungen\",\"item\":\"https:\\\/\\\/scitekconsultants.co.uk\\\/de\\\/pruefeinrichtungen\\\/\"},{\"@type\":\"ListItem\",\"position\":3,\"name\":\"SCITEK-Triebwerksversuchsanlage\"}]},{\"@type\":\"WebSite\",\"@id\":\"https:\\\/\\\/scitekconsultants.co.uk\\\/de\\\/#website\",\"url\":\"https:\\\/\\\/scitekconsultants.co.uk\\\/de\\\/\",\"name\":\"SCITEK\",\"description\":\"Excellence in Engineering\",\"potentialAction\":[{\"@type\":\"SearchAction\",\"target\":{\"@type\":\"EntryPoint\",\"urlTemplate\":\"https:\\\/\\\/scitekconsultants.co.uk\\\/de\\\/?s={search_term_string}\"},\"query-input\":{\"@type\":\"PropertyValueSpecification\",\"valueRequired\":true,\"valueName\":\"search_term_string\"}}],\"inLanguage\":\"de\"}]}<\/script>\n<!-- \/ Yoast SEO plugin. -->","yoast_head_json":{"title":"SCITEK-Triebwerksversuchsanlage - SCITEK","robots":{"index":"index","follow":"follow","max-snippet":"max-snippet:-1","max-image-preview":"max-image-preview:large","max-video-preview":"max-video-preview:-1"},"canonical":"https:\/\/scitekconsultants.co.uk\/de\/pruefeinrichtungen\/scitek-triebwerksversuchsanlage\/","og_locale":"de_DE","og_type":"article","og_title":"SCITEK-Triebwerksversuchsanlage - SCITEK","og_description":"Instrumentierung f\u00fcr Triebwerkspr\u00fcfungen SCITEK richtet derzeit eine Versuchsanlage ein, die im Januar 2021 er\u00f6ffnet wird und in der einige von [&hellip;]","og_url":"https:\/\/scitekconsultants.co.uk\/de\/pruefeinrichtungen\/scitek-triebwerksversuchsanlage\/","og_site_name":"SCITEK","article_modified_time":"2022-07-14T12:14:25+00:00","twitter_misc":{"Gesch\u00e4tzte Lesezeit":"1\u00a0Minute"},"schema":{"@context":"https:\/\/schema.org","@graph":[{"@type":"WebPage","@id":"https:\/\/scitekconsultants.co.uk\/de\/pruefeinrichtungen\/scitek-triebwerksversuchsanlage\/","url":"https:\/\/scitekconsultants.co.uk\/de\/pruefeinrichtungen\/scitek-triebwerksversuchsanlage\/","name":"SCITEK-Triebwerksversuchsanlage - SCITEK","isPartOf":{"@id":"https:\/\/scitekconsultants.co.uk\/de\/#website"},"datePublished":"2020-05-11T13:19:11+00:00","dateModified":"2022-07-14T12:14:25+00:00","breadcrumb":{"@id":"https:\/\/scitekconsultants.co.uk\/de\/pruefeinrichtungen\/scitek-triebwerksversuchsanlage\/#breadcrumb"},"inLanguage":"de","potentialAction":[{"@type":"ReadAction","target":["https:\/\/scitekconsultants.co.uk\/de\/pruefeinrichtungen\/scitek-triebwerksversuchsanlage\/"]}]},{"@type":"BreadcrumbList","@id":"https:\/\/scitekconsultants.co.uk\/de\/pruefeinrichtungen\/scitek-triebwerksversuchsanlage\/#breadcrumb","itemListElement":[{"@type":"ListItem","position":1,"name":"Home","item":"https:\/\/scitekconsultants.co.uk\/de\/"},{"@type":"ListItem","position":2,"name":"Pr\u00fcfeinrichtungen","item":"https:\/\/scitekconsultants.co.uk\/de\/pruefeinrichtungen\/"},{"@type":"ListItem","position":3,"name":"SCITEK-Triebwerksversuchsanlage"}]},{"@type":"WebSite","@id":"https:\/\/scitekconsultants.co.uk\/de\/#website","url":"https:\/\/scitekconsultants.co.uk\/de\/","name":"SCITEK","description":"Excellence in Engineering","potentialAction":[{"@type":"SearchAction","target":{"@type":"EntryPoint","urlTemplate":"https:\/\/scitekconsultants.co.uk\/de\/?s={search_term_string}"},"query-input":{"@type":"PropertyValueSpecification","valueRequired":true,"valueName":"search_term_string"}}],"inLanguage":"de"}]}},"_links":{"self":[{"href":"https:\/\/scitekconsultants.co.uk\/de\/wp-json\/wp\/v2\/pages\/6613","targetHints":{"allow":["GET"]}}],"collection":[{"href":"https:\/\/scitekconsultants.co.uk\/de\/wp-json\/wp\/v2\/pages"}],"about":[{"href":"https:\/\/scitekconsultants.co.uk\/de\/wp-json\/wp\/v2\/types\/page"}],"author":[{"embeddable":true,"href":"https:\/\/scitekconsultants.co.uk\/de\/wp-json\/wp\/v2\/users\/6"}],"replies":[{"embeddable":true,"href":"https:\/\/scitekconsultants.co.uk\/de\/wp-json\/wp\/v2\/comments?post=6613"}],"version-history":[{"count":1,"href":"https:\/\/scitekconsultants.co.uk\/de\/wp-json\/wp\/v2\/pages\/6613\/revisions"}],"predecessor-version":[{"id":6728,"href":"https:\/\/scitekconsultants.co.uk\/de\/wp-json\/wp\/v2\/pages\/6613\/revisions\/6728"}],"up":[{"embeddable":true,"href":"https:\/\/scitekconsultants.co.uk\/de\/wp-json\/wp\/v2\/pages\/6618"}],"wp:attachment":[{"href":"https:\/\/scitekconsultants.co.uk\/de\/wp-json\/wp\/v2\/media?parent=6613"}],"curies":[{"name":"wp","href":"https:\/\/api.w.org\/{rel}","templated":true}]}}